{"id":17,"date":"2019-07-15T16:18:13","date_gmt":"2019-07-15T14:18:13","guid":{"rendered":"http:\/\/association-chisao.fr\/CT5721-OVH\/?page_id=17"},"modified":"2025-08-11T14:13:46","modified_gmt":"2025-08-11T12:13:46","slug":"page-daccueil","status":"publish","type":"page","link":"https:\/\/association-chisao.fr\/joomla\/","title":{"rendered":"Page d&rsquo;accueil"},"content":{"rendered":"\n<p>L&rsquo;association CHI SAO a ferm\u00e9 ses portes en juin 2025. Ce site web est un souvernir de ses 15 ann\u00e9es d&rsquo;existence.<\/p>\n\n\n\n<p><\/p>\n\n\n\n<figure class=\"wp-block-embed is-type-video is-provider-youtube wp-block-embed-youtube wp-embed-aspect-16-9 wp-has-aspect-ratio\"><div class=\"wp-block-embed__wrapper\">\n<iframe loading=\"lazy\" title=\"Association Chi Sao - Wing Chun Lyon, France - 2022-2023\" width=\"525\" height=\"295\" src=\"https:\/\/www.youtube.com\/embed\/0NyfsW4vX-Q?start=7&#038;feature=oembed&#038;enablejsapi=1&#038;origin=https:\/\/association-chisao.fr\" frameborder=\"0\" allow=\"accelerometer; autoplay; clipboard-write; encrypted-media; gyroscope; picture-in-picture; web-share\" referrerpolicy=\"strict-origin-when-cross-origin\" allowfullscreen><\/iframe>\n<\/div><\/figure>\n\n\n\n\n\n<p>L&rsquo;association Chi Sao propose des cours de Wing Chun depuis 15 ans dans le 7\u00e8me arrondissement de Lyon.<\/p>\n\n\n\n<p>La vocation de l&rsquo;association est de dispenser des cours pour apprendre le Wing Chun, art martial Chinois ancestral, qui fut popularis\u00e9 par Ip Man, puis Bruce Lee.<\/p>\n\n\n\n<p>Nous vous proposons deux cours par semaine \u00e0 Gerland. <\/p>\n\n\n\n<ul>\n<li>Le Lundi de 19h30 \u00e0 21h30 au 118, rue Jean Vallier 69007 Lyon<\/li>\n\n\n\n<li>Le Mercredi  de 19h30 \u00e0 21h30 au 118, rue Jean Vallier 69007 Lyon <\/li>\n<\/ul>\n\n\n\n<p>Tarif :<\/p>\n\n\n\n<ul>\n<li>250\u20ac l&rsquo;ann\u00e9e<\/li>\n\n\n\n<li>90\u20ac le trimestre<\/li>\n<\/ul>\n","protected":false},"excerpt":{"rendered":"<p>L&rsquo;association CHI SAO a ferm\u00e9 ses portes en juin 2025. Ce site web est un souvernir de ses 15 ann\u00e9es d&rsquo;existence. L&rsquo;association Chi Sao propose des cours de Wing Chun depuis 15 ans dans le 7\u00e8me arrondissement de Lyon. La vocation de l&rsquo;association est de dispenser des cours pour apprendre le Wing Chun, art martial &hellip; <\/p>\n<p class=\"link-more\"><a href=\"https:\/\/association-chisao.fr\/joomla\/\" class=\"more-link\">Continuer la lecture<span class=\"screen-reader-text\"> de &laquo;&nbsp;Page d&rsquo;accueil&nbsp;&raquo;<\/span><\/a><\/p>\n","protected":false},"author":1,"featured_media":0,"parent":0,"menu_order":0,"comment_status":"closed","ping_status":"closed","template":"","meta":{"_mi_skip_tracking":false},"_links":{"self":[{"href":"https:\/\/association-chisao.fr\/joomla\/index.php\/wp-json\/wp\/v2\/pages\/17"}],"collection":[{"href":"https:\/\/association-chisao.fr\/joomla\/index.php\/wp-json\/wp\/v2\/pages"}],"about":[{"href":"https:\/\/association-chisao.fr\/joomla\/index.php\/wp-json\/wp\/v2\/types\/page"}],"author":[{"embeddable":true,"href":"https:\/\/association-chisao.fr\/joomla\/index.php\/wp-json\/wp\/v2\/users\/1"}],"replies":[{"embeddable":true,"href":"https:\/\/association-chisao.fr\/joomla\/index.php\/wp-json\/wp\/v2\/comments?post=17"}],"version-history":[{"count":13,"href":"https:\/\/association-chisao.fr\/joomla\/index.php\/wp-json\/wp\/v2\/pages\/17\/revisions"}],"predecessor-version":[{"id":770,"href":"https:\/\/association-chisao.fr\/joomla\/index.php\/wp-json\/wp\/v2\/pages\/17\/revisions\/770"}],"wp:attachment":[{"href":"https:\/\/association-chisao.fr\/joomla\/index.php\/wp-json\/wp\/v2\/media?parent=17"}],"curies":[{"name":"wp","href":"https:\/\/api.w.org\/{rel}","templated":true}]}}